{"id":2641,"date":"2023-11-25T21:35:48","date_gmt":"2023-11-25T20:35:48","guid":{"rendered":"https:\/\/alybra.fr\/?page_id=2641"},"modified":"2023-12-13T21:40:22","modified_gmt":"2023-12-13T20:40:22","slug":"elementor-2641","status":"publish","type":"page","link":"https:\/\/alybra.fr\/?page_id=2641","title":{"rendered":"QUI sommes nous ?"},"content":{"rendered":"\t\t<div data-elementor-type=\"wp-page\" data-elementor-id=\"2641\" class=\"elementor elementor-2641\" data-elementor-post-type=\"page\">\n\t\t\t\t\t\t<section class=\"elementor-section elementor-top-section elementor-element elementor-element-d082139 elementor-section-height-min-height elementor-section-boxed elementor-section-height-default elementor-section-items-middle\" data-id=\"d082139\" data-element_type=\"section\" data-e-type=\"section\" data-settings=\"{&quot;background_background&quot;:&quot;classic&quot;}\">\n\t\t\t\t\t\t\t<div class=\"elementor-background-overlay\"><\/div>\n\t\t\t\t\t\t\t<div class=\"elementor-container elementor-column-gap-default\">\n\t\t\t\t\t<div class=\"elementor-column elementor-col-100 elementor-top-column elementor-element elementor-element-dffc5ea\" data-id=\"dffc5ea\" data-element_type=\"column\" data-e-type=\"column\">\n\t\t\t<div class=\"elementor-widget-wrap elementor-element-populated\">\n\t\t\t\t\t\t<div class=\"elementor-element elementor-element-ac30394 elementor-widget elementor-widget-heading\" data-id=\"ac30394\" data-element_type=\"widget\" data-e-type=\"widget\" data-widget_type=\"heading.default\">\n\t\t\t\t<div class=\"elementor-widget-container\">\n\t\t\t\t\t<h1 class=\"elementor-heading-title elementor-size-default\">Qui sommes nous ?<\/h1>\t\t\t\t<\/div>\n\t\t\t\t<\/div>\n\t\t\t\t\t<\/div>\n\t\t<\/div>\n\t\t\t\t\t<\/div>\n\t\t<\/section>\n\t\t<div class=\"elementor-element elementor-element-319d528 e-flex e-con-boxed e-con e-parent\" data-id=\"319d528\" data-element_type=\"container\" data-e-type=\"container\">\n\t\t\t\t\t<div class=\"e-con-inner\">\n\t\t\t\t<div class=\"elementor-element elementor-element-9f16444 elementor-widget__width-initial elementor-widget elementor-widget-heading\" data-id=\"9f16444\" data-element_type=\"widget\" data-e-type=\"widget\" data-widget_type=\"heading.default\">\n\t\t\t\t<div class=\"elementor-widget-container\">\n\t\t\t\t\t<h2 class=\"elementor-heading-title elementor-size-xl\">Objet de l'Association<\/h2>\t\t\t\t<\/div>\n\t\t\t\t<\/div>\n\t\t\t\t\t<\/div>\n\t\t\t\t<\/div>\n\t\t<div class=\"elementor-element elementor-element-461769f e-flex e-con-boxed e-con e-parent\" data-id=\"461769f\" data-element_type=\"container\" data-e-type=\"container\">\n\t\t\t\t\t<div class=\"e-con-inner\">\n\t\t\t\t<div class=\"elementor-element elementor-element-6aafc77 elementor-widget elementor-widget-text-editor\" data-id=\"6aafc77\" data-element_type=\"widget\" data-e-type=\"widget\" data-widget_type=\"text-editor.default\">\n\t\t\t\t<div class=\"elementor-widget-container\">\n\t\t\t\t\t\t\t\t\t<p><strong>L&rsquo;Association a pour objet de:<\/strong><\/p><ul><li>Promouvoir et int\u00e9grer l&rsquo;a\u00e9roport avec son environnement et ses habitants dans le respect mutuel,<\/li><li>Valoriser le r\u00f4le social et \u00e9conomique de l&rsquo;a\u00e9roport au niveau local et r\u00e9gional.<\/li><\/ul><p><strong>L&rsquo;association atteindra ses objectifs par les actions suivantes :<\/strong><\/p><ul><li>\u00c9laborer des actions communes li\u00e9es \u00e0 toutes questions int\u00e9ressant la vie de l&rsquo;a\u00e9roport et des communes environnantes dans le cadre de l&rsquo;\u00e9conomie locale.<\/li><li>Informer les m\u00e9dias et le public afin de donner une image de v\u00e9rit\u00e9 de l&rsquo;a\u00e9roport et de toutes les activit\u00e9s a\u00e9ronautiques et commerciales h\u00e9berg\u00e9es. Valoriser les activit\u00e9s, comp\u00e9tences et patrimoine et encourager toutes les vocations dans le domaine de l\u2019a\u00e9ronautique par toute action.<\/li><li>Collecter des informations, r\u00e9aliser des enqu\u00eates et \u00e9tudes de tous les aspects du r\u00f4le de l&rsquo;a\u00e9roport dans son environnement.<\/li><li>Rechercher toutes solutions permettant de respecter le cadre de vie des riverains.<\/li><li>Faire d\u00e9couvrir et appr\u00e9cier toutes les richesses de la faune et de la flore qui trouvent refuge dans l\u2019espace naturel de la plateforme.<\/li><li>Communiquer de mani\u00e8re r\u00e9guli\u00e8re avec les habitants des communes environnantes sur les transformations et mutations vers une aviation durable, p\u00e9renne et respectueuse.<\/li><li>Promouvoir les activit\u00e9s \u00e9conomiques et associatives pr\u00e9sentes sur la plateforme de l\u2019a\u00e9roport et qui contribuent \u00e0 son d\u00e9veloppement p\u00e9renne.<\/li><li>\u00c9tablir des contacts r\u00e9guliers avec les autorit\u00e9s politiques et administratives concern\u00e9es par les activit\u00e9s de l\u2019a\u00e9roport, et participer aux structures de concertation institutionnelle aff\u00e9rentes.<\/li><li>D\u00e9velopper des contacts et \u00e9changes d&rsquo;informations avec des organisations similaires en France, en Europe et ailleurs dans le monde afin de collaborer \u00e0 des actions d&rsquo;int\u00e9r\u00eat commun.<\/li><\/ul>\t\t\t\t\t\t\t\t<\/div>\n\t\t\t\t<\/div>\n\t\t\t\t\t<\/div>\n\t\t\t\t<\/div>\n\t\t<div class=\"elementor-element elementor-element-dce328b e-flex e-con-boxed e-con e-parent\" data-id=\"dce328b\" data-element_type=\"container\" data-e-type=\"container\">\n\t\t\t\t\t<div class=\"e-con-inner\">\n\t\t\t\t<div class=\"elementor-element elementor-element-e0c202e elementor-widget-divider--view-line elementor-widget elementor-widget-divider\" data-id=\"e0c202e\" data-element_type=\"widget\" data-e-type=\"widget\" data-widget_type=\"divider.default\">\n\t\t\t\t<div class=\"elementor-widget-container\">\n\t\t\t\t\t\t\t<div class=\"elementor-divider\">\n\t\t\t<span class=\"elementor-divider-separator\">\n\t\t\t\t\t\t<\/span>\n\t\t<\/div>\n\t\t\t\t\t\t<\/div>\n\t\t\t\t<\/div>\n\t\t\t\t<div class=\"elementor-element elementor-element-93893b4 elementor-widget__width-initial elementor-widget elementor-widget-heading\" data-id=\"93893b4\" data-element_type=\"widget\" data-e-type=\"widget\" data-widget_type=\"heading.default\">\n\t\t\t\t<div class=\"elementor-widget-container\">\n\t\t\t\t\t<h2 class=\"elementor-heading-title elementor-size-xl\">Nos valeurs<\/h2>\t\t\t\t<\/div>\n\t\t\t\t<\/div>\n\t\t\t\t<div class=\"elementor-element elementor-element-5c99084 elementor-widget elementor-widget-text-editor\" data-id=\"5c99084\" data-element_type=\"widget\" data-e-type=\"widget\" data-widget_type=\"text-editor.default\">\n\t\t\t\t<div class=\"elementor-widget-container\">\n\t\t\t\t\t\t\t\t\t<p><strong>Les valeurs de l\u2019association sont:<\/strong><\/p><ul><li style=\"font-weight: 400;\" aria-level=\"1\"><span style=\"font-weight: 400;\">le respect mutuel,<\/span><\/li><li style=\"font-weight: 400;\" aria-level=\"1\"><span style=\"font-weight: 400;\">le dialogue,<\/span><\/li><li style=\"font-weight: 400;\" aria-level=\"1\"><span style=\"font-weight: 400;\">la transparence,<\/span><\/li><li style=\"font-weight: 400;\" aria-level=\"1\"><span style=\"font-weight: 400;\">l\u2019objectivit\u00e9,<\/span><\/li><li style=\"font-weight: 400;\" aria-level=\"1\"><span style=\"font-weight: 400;\">la mise en commun des capacit\u00e9s et comp\u00e9tences,<\/span><\/li><li style=\"font-weight: 400;\" aria-level=\"1\"><span style=\"font-weight: 400;\">l\u2019efficacit\u00e9.<\/span><\/li><\/ul>\t\t\t\t\t\t\t\t<\/div>\n\t\t\t\t<\/div>\n\t\t\t\t\t<\/div>\n\t\t\t\t<\/div>\n\t\t<div class=\"elementor-element elementor-element-5848d49 e-flex e-con-boxed e-con e-parent\" data-id=\"5848d49\" data-element_type=\"container\" data-e-type=\"container\">\n\t\t\t\t\t<div class=\"e-con-inner\">\n\t\t\t\t<div class=\"elementor-element elementor-element-a0c037c elementor-widget-divider--view-line elementor-widget elementor-widget-divider\" data-id=\"a0c037c\" data-element_type=\"widget\" data-e-type=\"widget\" data-widget_type=\"divider.default\">\n\t\t\t\t<div class=\"elementor-widget-container\">\n\t\t\t\t\t\t\t<div class=\"elementor-divider\">\n\t\t\t<span class=\"elementor-divider-separator\">\n\t\t\t\t\t\t<\/span>\n\t\t<\/div>\n\t\t\t\t\t\t<\/div>\n\t\t\t\t<\/div>\n\t\t\t\t<div class=\"elementor-element elementor-element-0ec47be elementor-widget__width-initial elementor-widget elementor-widget-heading\" data-id=\"0ec47be\" data-element_type=\"widget\" data-e-type=\"widget\" data-widget_type=\"heading.default\">\n\t\t\t\t<div class=\"elementor-widget-container\">\n\t\t\t\t\t<h2 class=\"elementor-heading-title elementor-size-xl\">Mentions l\u00e9gales<\/h2>\t\t\t\t<\/div>\n\t\t\t\t<\/div>\n\t\t\t\t\t<\/div>\n\t\t\t\t<\/div>\n\t\t<div class=\"elementor-element elementor-element-d792f8f e-flex e-con-boxed e-con e-parent\" data-id=\"d792f8f\" data-element_type=\"container\" data-e-type=\"container\">\n\t\t\t\t\t<div class=\"e-con-inner\">\n\t\t\t\t<div class=\"elementor-element elementor-element-43c27ae elementor-widget elementor-widget-text-editor\" data-id=\"43c27ae\" data-element_type=\"widget\" data-e-type=\"widget\" data-widget_type=\"text-editor.default\">\n\t\t\t\t<div class=\"elementor-widget-container\">\n\t\t\t\t\t\t\t\t\t<p>Association loi 1901; W691108724 le 7 d\u00e9cembre 2023.<\/p><p>\u00a0<\/p><p>Editeur du site: Association ALYBRA<br \/>Si\u00e8ge social: A\u00e9roport de Bron, 69500 Bron<br \/>Courrier: Boite 27.<\/p><p>Email: contact.alybra@gmail.com<\/p><p>Directeur de publication: Philippe VILLARD, pr\u00e9sident.<\/p><p>H\u00e9bergeur: HOSTINGER<\/p>\t\t\t\t\t\t\t\t<\/div>\n\t\t\t\t<\/div>\n\t\t\t\t\t<\/div>\n\t\t\t\t<\/div>\n\t\t\t\t<\/div>\n\t\t","protected":false},"excerpt":{"rendered":"<p>Qui sommes nous ? Objet de l&rsquo;Association L&rsquo;Association a pour objet de: Promouvoir et int\u00e9grer l&rsquo;a\u00e9roport avec son environnement et ses habitants dans le respect mutuel, Valoriser le r\u00f4le social et \u00e9conomique de l&rsquo;a\u00e9roport au niveau local et r\u00e9gional. L&rsquo;association atteindra ses objectifs par les actions suivantes : \u00c9laborer des actions communes li\u00e9es \u00e0 toutes [&hellip;]<\/p>\n","protected":false},"author":1,"featured_media":0,"parent":0,"menu_order":0,"comment_status":"closed","ping_status":"closed","template":"","meta":{"_eb_attr":"","_uag_custom_page_level_css":"","site-sidebar-layout":"no-sidebar","site-content-layout":"page-builder","ast-site-content-layout":"full-width-container","site-content-style":"default","site-sidebar-style":"default","ast-global-header-display":"","ast-banner-title-visibility":"","ast-main-header-display":"","ast-hfb-above-header-display":"","ast-hfb-below-header-display":"","ast-hfb-mobile-header-display":"","site-post-title":"disabled","ast-breadcrumbs-content":"","ast-featured-img":"disabled","footer-sml-layout":"","ast-disable-related-posts":"","theme-transparent-header-meta":"","adv-header-id-meta":"","stick-header-meta":"","header-above-stick-meta":"","header-main-stick-meta":"","header-below-stick-meta":"","astra-migrate-meta-layouts":"set","ast-page-background-enabled":"default","ast-page-background-meta":{"desktop":{"background-color":"var(--ast-global-color-4)","background-image":"","background-repeat":"repeat","background-position":"center center","background-size":"auto","background-attachment":"scroll","background-type":"","background-media":"","overlay-type":"","overlay-color":"","overlay-opacity":"","overlay-gradient":""},"tablet":{"background-color":"","background-image":"","background-repeat":"repeat","background-position":"center center","background-size":"auto","background-attachment":"scroll","background-type":"","background-media":"","overlay-type":"","overlay-color":"","overlay-opacity":"","overlay-gradient":""},"mobile":{"background-color":"","background-image":"","background-repeat":"repeat","background-position":"center center","background-size":"auto","background-attachment":"scroll","background-type":"","background-media":"","overlay-type":"","overlay-color":"","overlay-opacity":"","overlay-gradient":""}},"ast-content-background-meta":{"desktop":{"background-color":"var(--ast-global-color-5)","background-image":"","background-repeat":"repeat","background-position":"center center","background-size":"auto","background-attachment":"scroll","background-type":"","background-media":"","overlay-type":"","overlay-color":"","overlay-opacity":"","overlay-gradient":""},"tablet":{"background-color":"var(--ast-global-color-5)","background-image":"","background-repeat":"repeat","background-position":"center center","background-size":"auto","background-attachment":"scroll","background-type":"","background-media":"","overlay-type":"","overlay-color":"","overlay-opacity":"","overlay-gradient":""},"mobile":{"background-color":"var(--ast-global-color-5)","background-image":"","background-repeat":"repeat","background-position":"center center","background-size":"auto","background-attachment":"scroll","background-type":"","background-media":"","overlay-type":"","overlay-color":"","overlay-opacity":"","overlay-gradient":""}},"footnotes":""},"class_list":["post-2641","page","type-page","status-publish","hentry"],"uagb_featured_image_src":{"full":false,"thumbnail":false,"medium":false,"medium_large":false,"large":false,"1536x1536":false,"2048x2048":false},"uagb_author_info":{"display_name":"alybra.fr","author_link":"https:\/\/alybra.fr\/?author=1"},"uagb_comment_info":0,"uagb_excerpt":"Qui sommes nous ? Objet de l&rsquo;Association L&rsquo;Association a pour objet de: Promouvoir et int\u00e9grer l&rsquo;a\u00e9roport avec son environnement et ses habitants dans le respect mutuel, Valoriser le r\u00f4le social et \u00e9conomique de l&rsquo;a\u00e9roport au niveau local et r\u00e9gional. L&rsquo;association atteindra ses objectifs par les actions suivantes : \u00c9laborer des actions communes li\u00e9es \u00e0 toutes\u2026","_links":{"self":[{"href":"https:\/\/alybra.fr\/index.php?rest_route=\/wp\/v2\/pages\/2641","targetHints":{"allow":["GET"]}}],"collection":[{"href":"https:\/\/alybra.fr\/index.php?rest_route=\/wp\/v2\/pages"}],"about":[{"href":"https:\/\/alybra.fr\/index.php?rest_route=\/wp\/v2\/types\/page"}],"author":[{"embeddable":true,"href":"https:\/\/alybra.fr\/index.php?rest_route=\/wp\/v2\/users\/1"}],"replies":[{"embeddable":true,"href":"https:\/\/alybra.fr\/index.php?rest_route=%2Fwp%2Fv2%2Fcomments&post=2641"}],"version-history":[{"count":27,"href":"https:\/\/alybra.fr\/index.php?rest_route=\/wp\/v2\/pages\/2641\/revisions"}],"predecessor-version":[{"id":2689,"href":"https:\/\/alybra.fr\/index.php?rest_route=\/wp\/v2\/pages\/2641\/revisions\/2689"}],"wp:attachment":[{"href":"https:\/\/alybra.fr\/index.php?rest_route=%2Fwp%2Fv2%2Fmedia&parent=2641"}],"curies":[{"name":"wp","href":"https:\/\/api.w.org\/{rel}","templated":true}]}}