{"id":2598,"date":"2023-11-22T23:25:25","date_gmt":"2023-11-22T22:25:25","guid":{"rendered":"https:\/\/alybra.fr\/?page_id=2598"},"modified":"2023-11-23T00:06:43","modified_gmt":"2023-11-22T23:06:43","slug":"les-projets","status":"publish","type":"page","link":"https:\/\/alybra.fr\/?page_id=2598","title":{"rendered":"Les PROJETS"},"content":{"rendered":"\t\t<div data-elementor-type=\"wp-page\" data-elementor-id=\"2598\" class=\"elementor elementor-2598\" data-elementor-post-type=\"page\">\n\t\t\t\t\t\t<section class=\"elementor-section elementor-top-section elementor-element elementor-element-20d5009 elementor-section-height-min-height elementor-section-boxed elementor-section-height-default elementor-section-items-middle\" data-id=\"20d5009\" data-element_type=\"section\" data-e-type=\"section\" data-settings=\"{&quot;background_background&quot;:&quot;classic&quot;}\">\n\t\t\t\t\t\t\t<div class=\"elementor-background-overlay\"><\/div>\n\t\t\t\t\t\t\t<div class=\"elementor-container elementor-column-gap-default\">\n\t\t\t\t\t<div class=\"elementor-column elementor-col-100 elementor-top-column elementor-element elementor-element-2e78562\" data-id=\"2e78562\" data-element_type=\"column\" data-e-type=\"column\">\n\t\t\t<div class=\"elementor-widget-wrap elementor-element-populated\">\n\t\t\t\t\t\t<div class=\"elementor-element elementor-element-68a8fec elementor-widget__width-initial elementor-widget elementor-widget-heading\" data-id=\"68a8fec\" data-element_type=\"widget\" data-e-type=\"widget\" data-widget_type=\"heading.default\">\n\t\t\t\t<div class=\"elementor-widget-container\">\n\t\t\t\t\t<h1 class=\"elementor-heading-title elementor-size-default\">Les PROJETS<\/h1>\t\t\t\t<\/div>\n\t\t\t\t<\/div>\n\t\t\t\t\t<\/div>\n\t\t<\/div>\n\t\t\t\t\t<\/div>\n\t\t<\/section>\n\t\t\t\t<section class=\"elementor-section elementor-top-section elementor-element elementor-element-c595b6e elementor-section-content-middle elementor-section-boxed elementor-section-height-default elementor-section-height-default\" data-id=\"c595b6e\" data-element_type=\"section\" data-e-type=\"section\" data-settings=\"{&quot;background_background&quot;:&quot;classic&quot;}\">\n\t\t\t\t\t\t\t<div class=\"elementor-background-overlay\"><\/div>\n\t\t\t\t\t\t\t<div class=\"elementor-container elementor-column-gap-wide\">\n\t\t\t\t\t<div class=\"elementor-column elementor-col-33 elementor-top-column elementor-element elementor-element-590527c\" data-id=\"590527c\" data-element_type=\"column\" data-e-type=\"column\">\n\t\t\t<div class=\"elementor-widget-wrap elementor-element-populated\">\n\t\t\t\t\t\t<div class=\"elementor-element elementor-element-d1fcbe1 elementor-widget elementor-widget-image\" data-id=\"d1fcbe1\" data-element_type=\"widget\" data-e-type=\"widget\" data-widget_type=\"image.default\">\n\t\t\t\t<div class=\"elementor-widget-container\">\n\t\t\t\t\t\t\t\t\t\t\t\t\t\t\t<img fetchpriority=\"high\" decoding=\"async\" width=\"768\" height=\"480\" src=\"https:\/\/alybra.fr\/wp-content\/uploads\/2023\/11\/velis-768x480.webp\" class=\"attachment-medium_large size-medium_large wp-image-2071\" alt=\"\" srcset=\"https:\/\/alybra.fr\/wp-content\/uploads\/2023\/11\/velis-768x480.webp 768w, https:\/\/alybra.fr\/wp-content\/uploads\/2023\/11\/velis-300x188.webp 300w, https:\/\/alybra.fr\/wp-content\/uploads\/2023\/11\/velis-1024x640.webp 1024w, https:\/\/alybra.fr\/wp-content\/uploads\/2023\/11\/velis.webp 1200w\" sizes=\"(max-width: 768px) 100vw, 768px\" \/>\t\t\t\t\t\t\t\t\t\t\t\t\t\t\t<\/div>\n\t\t\t\t<\/div>\n\t\t\t\t<div class=\"elementor-element elementor-element-a684965 elementor-widget elementor-widget-heading\" data-id=\"a684965\" data-element_type=\"widget\" data-e-type=\"widget\" data-widget_type=\"heading.default\">\n\t\t\t\t<div class=\"elementor-widget-container\">\n\t\t\t\t\t<h3 class=\"elementor-heading-title elementor-size-default\">Le VELIS Electro - premier avion \u00e0 motorisation \u00e9lectrique pour la formation initiale des pilotes en local a\u00e9roport<\/h3>\t\t\t\t<\/div>\n\t\t\t\t<\/div>\n\t\t\t\t<div class=\"elementor-element elementor-element-7436040 elementor-widget elementor-widget-text-editor\" data-id=\"7436040\" data-element_type=\"widget\" data-e-type=\"widget\" data-widget_type=\"text-editor.default\">\n\t\t\t\t<div class=\"elementor-widget-container\">\n\t\t\t\t\t\t\t\t\t<p>Un premier avion \u00e9lectrique est en op\u00e9ration \u00e0 Bron depuis Mai 2023, pour la formation initiale des pilotes en local.<\/p>\t\t\t\t\t\t\t\t<\/div>\n\t\t\t\t<\/div>\n\t\t\t\t<div class=\"elementor-element elementor-element-d251a00 elementor-align-center elementor-widget elementor-widget-button\" data-id=\"d251a00\" data-element_type=\"widget\" data-e-type=\"widget\" data-widget_type=\"button.default\">\n\t\t\t\t<div class=\"elementor-widget-container\">\n\t\t\t\t\t\t\t\t\t<div class=\"elementor-button-wrapper\">\n\t\t\t\t\t<a class=\"elementor-button elementor-button-link elementor-size-sm elementor-animation-pulse-grow\" href=\"https:\/\/france3-regions.francetvinfo.fr\/auvergne-rhone-alpes\/rhone\/lyon\/video-moins-polluant-moins-bruyant-un-avion-100-electrique-base-a-l-aeroport-de-lyon-bron-2780498.html\" target=\"_blank\">\n\t\t\t\t\t\t<span class=\"elementor-button-content-wrapper\">\n\t\t\t\t\t\t\t\t\t<span class=\"elementor-button-text\">VELIS FR3<\/span>\n\t\t\t\t\t<\/span>\n\t\t\t\t\t<\/a>\n\t\t\t\t<\/div>\n\t\t\t\t\t\t\t\t<\/div>\n\t\t\t\t<\/div>\n\t\t\t\t\t<\/div>\n\t\t<\/div>\n\t\t\t\t<div class=\"elementor-column elementor-col-33 elementor-top-column elementor-element elementor-element-6030551\" data-id=\"6030551\" data-element_type=\"column\" data-e-type=\"column\">\n\t\t\t<div class=\"elementor-widget-wrap elementor-element-populated\">\n\t\t\t\t\t\t<div class=\"elementor-element elementor-element-00f2968 elementor-widget elementor-widget-image\" data-id=\"00f2968\" data-element_type=\"widget\" data-e-type=\"widget\" data-widget_type=\"image.default\">\n\t\t\t\t<div class=\"elementor-widget-container\">\n\t\t\t\t\t\t\t\t\t\t\t\t\t\t\t<img decoding=\"async\" width=\"768\" height=\"382\" src=\"https:\/\/alybra.fr\/wp-content\/uploads\/2023\/11\/Viper_Night-VFR04-9d9354be-768x382.jpeg\" class=\"attachment-medium_large size-medium_large wp-image-2610\" alt=\"\" srcset=\"https:\/\/alybra.fr\/wp-content\/uploads\/2023\/11\/Viper_Night-VFR04-9d9354be-768x382.jpeg 768w, https:\/\/alybra.fr\/wp-content\/uploads\/2023\/11\/Viper_Night-VFR04-9d9354be-300x149.jpeg 300w, https:\/\/alybra.fr\/wp-content\/uploads\/2023\/11\/Viper_Night-VFR04-9d9354be.jpeg 968w\" sizes=\"(max-width: 768px) 100vw, 768px\" \/>\t\t\t\t\t\t\t\t\t\t\t\t\t\t\t<\/div>\n\t\t\t\t<\/div>\n\t\t\t\t<div class=\"elementor-element elementor-element-fd4e273 elementor-widget elementor-widget-heading\" data-id=\"fd4e273\" data-element_type=\"widget\" data-e-type=\"widget\" data-widget_type=\"heading.default\">\n\t\t\t\t<div class=\"elementor-widget-container\">\n\t\t\t\t\t<h3 class=\"elementor-heading-title elementor-size-default\">Le renouvellement des avions \u00e9cole par des ROTAX ultra-silencieux et \u00e0 faible consommation<\/h3>\t\t\t\t<\/div>\n\t\t\t\t<\/div>\n\t\t\t\t<div class=\"elementor-element elementor-element-057bfbf elementor-widget elementor-widget-text-editor\" data-id=\"057bfbf\" data-element_type=\"widget\" data-e-type=\"widget\" data-widget_type=\"text-editor.default\">\n\t\t\t\t<div class=\"elementor-widget-container\">\n\t\t\t\t\t\t\t\t\t<p>Une nouvelle g\u00e9n\u00e9ration d&rsquo;appareils biplaces \u00e0 motorisation ROTAX, ultra-silencieux et moins polluants<\/p>\t\t\t\t\t\t\t\t<\/div>\n\t\t\t\t<\/div>\n\t\t\t\t<div class=\"elementor-element elementor-element-388f4b8 elementor-align-center elementor-widget elementor-widget-button\" data-id=\"388f4b8\" data-element_type=\"widget\" data-e-type=\"widget\" data-widget_type=\"button.default\">\n\t\t\t\t<div class=\"elementor-widget-container\">\n\t\t\t\t\t\t\t\t\t<div class=\"elementor-button-wrapper\">\n\t\t\t\t\t<a class=\"elementor-button elementor-button-link elementor-size-sm elementor-animation-pulse-grow\" href=\"#\" target=\"_blank\">\n\t\t\t\t\t\t<span class=\"elementor-button-content-wrapper\">\n\t\t\t\t\t\t\t\t\t<span class=\"elementor-button-text\">Biplaces ROTAX<\/span>\n\t\t\t\t\t<\/span>\n\t\t\t\t\t<\/a>\n\t\t\t\t<\/div>\n\t\t\t\t\t\t\t\t<\/div>\n\t\t\t\t<\/div>\n\t\t\t\t\t<\/div>\n\t\t<\/div>\n\t\t\t\t<div class=\"elementor-column elementor-col-33 elementor-top-column elementor-element elementor-element-44624fc\" data-id=\"44624fc\" data-element_type=\"column\" data-e-type=\"column\">\n\t\t\t<div class=\"elementor-widget-wrap elementor-element-populated\">\n\t\t\t\t\t\t<div class=\"elementor-element elementor-element-41e1fda elementor-widget elementor-widget-image\" data-id=\"41e1fda\" data-element_type=\"widget\" data-e-type=\"widget\" data-widget_type=\"image.default\">\n\t\t\t\t<div class=\"elementor-widget-container\">\n\t\t\t\t\t\t\t\t\t\t\t\t\t\t\t<img decoding=\"async\" width=\"768\" height=\"576\" src=\"https:\/\/alybra.fr\/wp-content\/uploads\/2023\/11\/Arlequinette-jaune-scaled-1-768x576.webp\" class=\"attachment-medium_large size-medium_large wp-image-2627\" alt=\"\" srcset=\"https:\/\/alybra.fr\/wp-content\/uploads\/2023\/11\/Arlequinette-jaune-scaled-1-768x576.webp 768w, https:\/\/alybra.fr\/wp-content\/uploads\/2023\/11\/Arlequinette-jaune-scaled-1-300x225.webp 300w, https:\/\/alybra.fr\/wp-content\/uploads\/2023\/11\/Arlequinette-jaune-scaled-1-1024x768.webp 1024w, https:\/\/alybra.fr\/wp-content\/uploads\/2023\/11\/Arlequinette-jaune-scaled-1-1536x1152.webp 1536w, https:\/\/alybra.fr\/wp-content\/uploads\/2023\/11\/Arlequinette-jaune-scaled-1-2048x1536.webp 2048w\" sizes=\"(max-width: 768px) 100vw, 768px\" \/>\t\t\t\t\t\t\t\t\t\t\t\t\t\t\t<\/div>\n\t\t\t\t<\/div>\n\t\t\t\t<div class=\"elementor-element elementor-element-10ccc02 elementor-widget elementor-widget-heading\" data-id=\"10ccc02\" data-element_type=\"widget\" data-e-type=\"widget\" data-widget_type=\"heading.default\">\n\t\t\t\t<div class=\"elementor-widget-container\">\n\t\t\t\t\t<h3 class=\"elementor-heading-title elementor-size-default\">Recenser la richesse de la biodiversit\u00e9 a\u00e9roportuaire pr\u00e9sente sur l'a\u00e9roport et la d\u00e9velopper<\/h3>\t\t\t\t<\/div>\n\t\t\t\t<\/div>\n\t\t\t\t<div class=\"elementor-element elementor-element-d121610 elementor-widget elementor-widget-text-editor\" data-id=\"d121610\" data-element_type=\"widget\" data-e-type=\"widget\" data-widget_type=\"text-editor.default\">\n\t\t\t\t<div class=\"elementor-widget-container\">\n\t\t\t\t\t\t\t\t\t<p>L&rsquo;A\u00e9roport est un poumon vert de 185 ha, pr\u00e9serv\u00e9 de l&rsquo;urbanisation qui l&rsquo;encercle, et une \u00ab\u00a0t\u00e2che sombre\u00a0\u00bb la nuit sans \u00e9clairage urbain.<\/p>\t\t\t\t\t\t\t\t<\/div>\n\t\t\t\t<\/div>\n\t\t\t\t<div class=\"elementor-element elementor-element-63aa934 elementor-align-center elementor-widget elementor-widget-button\" data-id=\"63aa934\" data-element_type=\"widget\" data-e-type=\"widget\" data-widget_type=\"button.default\">\n\t\t\t\t<div class=\"elementor-widget-container\">\n\t\t\t\t\t\t\t\t\t<div class=\"elementor-button-wrapper\">\n\t\t\t\t\t<a class=\"elementor-button elementor-button-link elementor-size-sm elementor-animation-pulse-grow\" href=\"https:\/\/aerobiodiversite.org\/\" target=\"_blank\">\n\t\t\t\t\t\t<span class=\"elementor-button-content-wrapper\">\n\t\t\t\t\t\t\t\t\t<span class=\"elementor-button-text\">BIODIVERSITE<\/span>\n\t\t\t\t\t<\/span>\n\t\t\t\t\t<\/a>\n\t\t\t\t<\/div>\n\t\t\t\t\t\t\t\t<\/div>\n\t\t\t\t<\/div>\n\t\t\t\t\t<\/div>\n\t\t<\/div>\n\t\t\t\t\t<\/div>\n\t\t<\/section>\n\t\t\t\t<\/div>\n\t\t","protected":false},"excerpt":{"rendered":"<p>Les PROJETS Le VELIS Electro &#8211; premier avion \u00e0 motorisation \u00e9lectrique pour la formation initiale des pilotes en local a\u00e9roport Un premier avion \u00e9lectrique est en op\u00e9ration \u00e0 Bron depuis Mai 2023, pour la formation initiale des pilotes en local. VELIS FR3 Le renouvellement des avions \u00e9cole par des ROTAX ultra-silencieux et \u00e0 faible consommation [&hellip;]<\/p>\n","protected":false},"author":1,"featured_media":0,"parent":0,"menu_order":0,"comment_status":"closed","ping_status":"closed","template":"","meta":{"_eb_attr":"","_uag_custom_page_level_css":"","site-sidebar-layout":"no-sidebar","site-content-layout":"page-builder","ast-site-content-layout":"full-width-container","site-content-style":"default","site-sidebar-style":"default","ast-global-header-display":"","ast-banner-title-visibility":"","ast-main-header-display":"","ast-hfb-above-header-display":"","ast-hfb-below-header-display":"","ast-hfb-mobile-header-display":"","site-post-title":"disabled","ast-breadcrumbs-content":"","ast-featured-img":"disabled","footer-sml-layout":"","ast-disable-related-posts":"","theme-transparent-header-meta":"","adv-header-id-meta":"","stick-header-meta":"","header-above-stick-meta":"","header-main-stick-meta":"","header-below-stick-meta":"","astra-migrate-meta-layouts":"set","ast-page-background-enabled":"default","ast-page-background-meta":{"desktop":{"background-color":"var(--ast-global-color-4)","background-image":"","background-repeat":"repeat","background-position":"center center","background-size":"auto","background-attachment":"scroll","background-type":"","background-media":"","overlay-type":"","overlay-color":"","overlay-opacity":"","overlay-gradient":""},"tablet":{"background-color":"","background-image":"","background-repeat":"repeat","background-position":"center center","background-size":"auto","background-attachment":"scroll","background-type":"","background-media":"","overlay-type":"","overlay-color":"","overlay-opacity":"","overlay-gradient":""},"mobile":{"background-color":"","background-image":"","background-repeat":"repeat","background-position":"center center","background-size":"auto","background-attachment":"scroll","background-type":"","background-media":"","overlay-type":"","overlay-color":"","overlay-opacity":"","overlay-gradient":""}},"ast-content-background-meta":{"desktop":{"background-color":"var(--ast-global-color-5)","background-image":"","background-repeat":"repeat","background-position":"center center","background-size":"auto","background-attachment":"scroll","background-type":"","background-media":"","overlay-type":"","overlay-color":"","overlay-opacity":"","overlay-gradient":""},"tablet":{"background-color":"var(--ast-global-color-5)","background-image":"","background-repeat":"repeat","background-position":"center center","background-size":"auto","background-attachment":"scroll","background-type":"","background-media":"","overlay-type":"","overlay-color":"","overlay-opacity":"","overlay-gradient":""},"mobile":{"background-color":"var(--ast-global-color-5)","background-image":"","background-repeat":"repeat","background-position":"center center","background-size":"auto","background-attachment":"scroll","background-type":"","background-media":"","overlay-type":"","overlay-color":"","overlay-opacity":"","overlay-gradient":""}},"footnotes":""},"class_list":["post-2598","page","type-page","status-publish","hentry"],"uagb_featured_image_src":{"full":false,"thumbnail":false,"medium":false,"medium_large":false,"large":false,"1536x1536":false,"2048x2048":false},"uagb_author_info":{"display_name":"alybra.fr","author_link":"https:\/\/alybra.fr\/?author=1"},"uagb_comment_info":0,"uagb_excerpt":"Les PROJETS Le VELIS Electro &#8211; premier avion \u00e0 motorisation \u00e9lectrique pour la formation initiale des pilotes en local a\u00e9roport Un premier avion \u00e9lectrique est en op\u00e9ration \u00e0 Bron depuis Mai 2023, pour la formation initiale des pilotes en local. VELIS FR3 Le renouvellement des avions \u00e9cole par des ROTAX ultra-silencieux et \u00e0 faible consommation\u2026","_links":{"self":[{"href":"https:\/\/alybra.fr\/index.php?rest_route=\/wp\/v2\/pages\/2598","targetHints":{"allow":["GET"]}}],"collection":[{"href":"https:\/\/alybra.fr\/index.php?rest_route=\/wp\/v2\/pages"}],"about":[{"href":"https:\/\/alybra.fr\/index.php?rest_route=\/wp\/v2\/types\/page"}],"author":[{"embeddable":true,"href":"https:\/\/alybra.fr\/index.php?rest_route=\/wp\/v2\/users\/1"}],"replies":[{"embeddable":true,"href":"https:\/\/alybra.fr\/index.php?rest_route=%2Fwp%2Fv2%2Fcomments&post=2598"}],"version-history":[{"count":22,"href":"https:\/\/alybra.fr\/index.php?rest_route=\/wp\/v2\/pages\/2598\/revisions"}],"predecessor-version":[{"id":2633,"href":"https:\/\/alybra.fr\/index.php?rest_route=\/wp\/v2\/pages\/2598\/revisions\/2633"}],"wp:attachment":[{"href":"https:\/\/alybra.fr\/index.php?rest_route=%2Fwp%2Fv2%2Fmedia&parent=2598"}],"curies":[{"name":"wp","href":"https:\/\/api.w.org\/{rel}","templated":true}]}}